{"id":10,"date":"2023-04-27T08:41:44","date_gmt":"2023-04-27T08:41:44","guid":{"rendered":"https:\/\/oss.uzz.fberg.tuke.sk\/?page_id=10"},"modified":"2023-07-13T09:49:25","modified_gmt":"2023-07-13T09:49:25","slug":"vybavenie","status":"publish","type":"page","link":"https:\/\/omv.uzz.fberg.tuke.sk\/index.php\/vybavenie\/","title":{"rendered":"Vybavenie"},"content":{"rendered":"\n<p>Jednotliv\u00e9 &nbsp;v\u00fdskumn\u00e9 vybavenie oddelenia mont\u00e1nnych vied sa nach\u00e1dza laborat\u00f3ri\u00e1ch:<\/p>\n\n\n\n<ul class=\"wp-block-list\">\n<li><a href=\"https:\/\/omv.uzz.fberg.tuke.sk\/index.php\/laboratorium-pracovneho-prostredia-a-bezpecnosti\/\">Laborat\u00f3rium pracovn\u00e9ho prostredia a bezpe\u010dnosti<\/a>,<\/li>\n\n\n\n<li><a href=\"https:\/\/omv.uzz.fberg.tuke.sk\/index.php\/vybavenie\/laboratorium-pracovneho-prostredia-a-bezpecnosti\/\" data-type=\"page\" data-id=\"184\">Laborat\u00f3rium a v\u00fdskumn\u00e1 hala geomechaniky<\/a>,<\/li>\n\n\n\n<li><a href=\"https:\/\/omv.uzz.fberg.tuke.sk\/index.php\/laboratorium-trhacich-prac\/\">Laborat\u00f3rium trhac\u00edch pr\u00e1c<\/a>.<\/li>\n<\/ul>\n","protected":false},"excerpt":{"rendered":"<p>Jednotliv\u00e9 &nbsp;v\u00fdskumn\u00e9 vybavenie oddelenia mont\u00e1nnych vied sa nach\u00e1dza laborat\u00f3ri\u00e1ch:<\/p>\n","protected":false},"author":1,"featured_media":0,"parent":0,"menu_order":0,"comment_status":"closed","ping_status":"closed","template":"","meta":{"footnotes":""},"class_list":["post-10","page","type-page","status-publish","hentry"],"_links":{"self":[{"href":"https:\/\/omv.uzz.fberg.tuke.sk\/index.php\/wp-json\/wp\/v2\/pages\/10","targetHints":{"allow":["GET"]}}],"collection":[{"href":"https:\/\/omv.uzz.fberg.tuke.sk\/index.php\/wp-json\/wp\/v2\/pages"}],"about":[{"href":"https:\/\/omv.uzz.fberg.tuke.sk\/index.php\/wp-json\/wp\/v2\/types\/page"}],"author":[{"embeddable":true,"href":"https:\/\/omv.uzz.fberg.tuke.sk\/index.php\/wp-json\/wp\/v2\/users\/1"}],"replies":[{"embeddable":true,"href":"https:\/\/omv.uzz.fberg.tuke.sk\/index.php\/wp-json\/wp\/v2\/comments?post=10"}],"version-history":[{"count":9,"href":"https:\/\/omv.uzz.fberg.tuke.sk\/index.php\/wp-json\/wp\/v2\/pages\/10\/revisions"}],"predecessor-version":[{"id":197,"href":"https:\/\/omv.uzz.fberg.tuke.sk\/index.php\/wp-json\/wp\/v2\/pages\/10\/revisions\/197"}],"wp:attachment":[{"href":"https:\/\/omv.uzz.fberg.tuke.sk\/index.php\/wp-json\/wp\/v2\/media?parent=10"}],"curies":[{"name":"wp","href":"https:\/\/api.w.org\/{rel}","templated":true}]}}