{"id":12,"date":"2023-04-27T08:41:44","date_gmt":"2023-04-27T08:41:44","guid":{"rendered":"https:\/\/oss.uzz.fberg.tuke.sk\/?page_id=12"},"modified":"2025-10-23T05:55:39","modified_gmt":"2025-10-23T05:55:39","slug":"vzdelavanie","status":"publish","type":"page","link":"https:\/\/omv.uzz.fberg.tuke.sk\/index.php\/vzdelavanie\/","title":{"rendered":"Vzdel\u00e1vanie"},"content":{"rendered":"\n<p>Oddelenie mont\u00e1nnych vied zabezpe\u010duje vzdel\u00e1vanie v&nbsp;nasleduj\u00facich \u0161tudijn\u00fdch programoch:<\/p>\n\n\n\n<div class=\"wp-block-group is-nowrap is-layout-flex wp-container-core-group-is-layout-ad2f72ca wp-block-group-is-layout-flex\">\n<p><strong><a href=\"https:\/\/omv.uzz.fberg.tuke.sk\/index.php\/vzdelavanie\/bakalarske-studium\/#BC-ZPBT\"><strong>Z\u00e1chran\u00e1rska, po\u017eiarna a bezpe\u010dnostn\u00e1 technika<\/strong>. (Bc.)<\/a><\/strong> <\/p>\n\n\n\n<ul class=\"wp-block-social-links is-layout-flex wp-block-social-links-is-layout-flex\"><li class=\"wp-social-link wp-social-link-facebook  wp-block-social-link\"><a href=\"https:\/\/www.facebook.com\/groups\/1582413388672942\" class=\"wp-block-social-link-anchor\"><svg width=\"24\" height=\"24\" viewBox=\"0 0 24 24\" version=\"1.1\" xmlns=\"http:\/\/www.w3.org\/2000\/svg\" aria-hidden=\"true\" focusable=\"false\"><path d=\"M12 2C6.5 2 2 6.5 2 12c0 5 3.7 9.1 8.4 9.9v-7H7.9V12h2.5V9.8c0-2.5 1.5-3.9 3.8-3.9 1.1 0 2.2.2 2.2.2v2.5h-1.3c-1.2 0-1.6.8-1.6 1.6V12h2.8l-.4 2.9h-2.3v7C18.3 21.1 22 17 22 12c0-5.5-4.5-10-10-10z\"><\/path><\/svg><span class=\"wp-block-social-link-label screen-reader-text\">Facebook<\/span><\/a><\/li><\/ul>\n<\/div>\n\n\n\n<div class=\"wp-block-group is-nowrap is-layout-flex wp-container-core-group-is-layout-ad2f72ca wp-block-group-is-layout-flex\">\n<p><strong><a href=\"https:\/\/omv.uzz.fberg.tuke.sk\/index.php\/vzdelavanie\/inzinierske-studium\/#ING-ZPBT\"><strong><strong>Z\u00e1chran\u00e1rska, po\u017eiarna a bezpe\u010dnostn\u00e1 technika<\/strong><\/strong> (Ing.)<\/a><\/strong><\/p>\n\n\n\n<ul class=\"wp-block-social-links is-layout-flex wp-block-social-links-is-layout-flex\"><li class=\"wp-social-link wp-social-link-facebook  wp-block-social-link\"><a href=\"https:\/\/www.facebook.com\/groups\/1582413388672942\" class=\"wp-block-social-link-anchor\"><svg width=\"24\" height=\"24\" viewBox=\"0 0 24 24\" version=\"1.1\" xmlns=\"http:\/\/www.w3.org\/2000\/svg\" aria-hidden=\"true\" focusable=\"false\"><path d=\"M12 2C6.5 2 2 6.5 2 12c0 5 3.7 9.1 8.4 9.9v-7H7.9V12h2.5V9.8c0-2.5 1.5-3.9 3.8-3.9 1.1 0 2.2.2 2.2.2v2.5h-1.3c-1.2 0-1.6.8-1.6 1.6V12h2.8l-.4 2.9h-2.3v7C18.3 21.1 22 17 22 12c0-5.5-4.5-10-10-10z\"><\/path><\/svg><span class=\"wp-block-social-link-label screen-reader-text\">Facebook<\/span><\/a><\/li><\/ul>\n<\/div>\n\n\n\n<p><strong><a href=\"https:\/\/omv.uzz.fberg.tuke.sk\/index.php\/vzdelavanie\/doktorandske-studium\/\"><strong>\u0164a\u017eba nerastov a in\u017einierske geotechnol\u00f3gie<\/strong><\/a><\/strong> <strong><a href=\"https:\/\/omv.uzz.fberg.tuke.sk\/index.php\/vzdelavanie\/doktorandske-studium\/\">(PhD.)<\/a><\/strong><\/p>\n","protected":false},"excerpt":{"rendered":"<p>Oddelenie mont\u00e1nnych vied zabezpe\u010duje vzdel\u00e1vanie v&nbsp;nasleduj\u00facich \u0161tudijn\u00fdch programoch: Z\u00e1chran\u00e1rska, po\u017eiarna a bezpe\u010dnostn\u00e1 technika. (Bc.) Z\u00e1chran\u00e1rska, po\u017eiarna a bezpe\u010dnostn\u00e1 technika (Ing.) \u0164a\u017eba nerastov a in\u017einierske geotechnol\u00f3gie (PhD.)<\/p>\n","protected":false},"author":1,"featured_media":0,"parent":0,"menu_order":0,"comment_status":"closed","ping_status":"closed","template":"","meta":{"footnotes":""},"class_list":["post-12","page","type-page","status-publish","hentry"],"_links":{"self":[{"href":"https:\/\/omv.uzz.fberg.tuke.sk\/index.php\/wp-json\/wp\/v2\/pages\/12","targetHints":{"allow":["GET"]}}],"collection":[{"href":"https:\/\/omv.uzz.fberg.tuke.sk\/index.php\/wp-json\/wp\/v2\/pages"}],"about":[{"href":"https:\/\/omv.uzz.fberg.tuke.sk\/index.php\/wp-json\/wp\/v2\/types\/page"}],"author":[{"embeddable":true,"href":"https:\/\/omv.uzz.fberg.tuke.sk\/index.php\/wp-json\/wp\/v2\/users\/1"}],"replies":[{"embeddable":true,"href":"https:\/\/omv.uzz.fberg.tuke.sk\/index.php\/wp-json\/wp\/v2\/comments?post=12"}],"version-history":[{"count":11,"href":"https:\/\/omv.uzz.fberg.tuke.sk\/index.php\/wp-json\/wp\/v2\/pages\/12\/revisions"}],"predecessor-version":[{"id":507,"href":"https:\/\/omv.uzz.fberg.tuke.sk\/index.php\/wp-json\/wp\/v2\/pages\/12\/revisions\/507"}],"wp:attachment":[{"href":"https:\/\/omv.uzz.fberg.tuke.sk\/index.php\/wp-json\/wp\/v2\/media?parent=12"}],"curies":[{"name":"wp","href":"https:\/\/api.w.org\/{rel}","templated":true}]}}