{"id":13,"date":"2023-04-27T08:41:44","date_gmt":"2023-04-27T08:41:44","guid":{"rendered":"https:\/\/oss.uzz.fberg.tuke.sk\/?page_id=13"},"modified":"2025-10-28T07:19:53","modified_gmt":"2025-10-28T07:19:53","slug":"o-nas","status":"publish","type":"page","link":"https:\/\/omv.uzz.fberg.tuke.sk\/","title":{"rendered":"O n\u00e1s"},"content":{"rendered":"\n<p>Oddelenie mont\u00e1nnych vied je organiza\u010dne zaraden\u00e9 na \u00dastave zemsk\u00fdch zdrojov Fakulty ban\u00edctva, ekol\u00f3gie, riadenia a geotechnol\u00f3gi\u00ed Technickej univerzity v&nbsp;Ko\u0161iciach. Oddelenie mont\u00e1nnych vied je pracoviskom, ktor\u00e9 sa zaober\u00e1 vzdel\u00e1van\u00edm a v\u00fdskumom v oblastiach:<\/p>\n\n\n\n<ul class=\"wp-block-list\">\n<li>\u0165a\u017eby nerastn\u00fdch surov\u00edn,<\/li>\n\n\n\n<li>v\u00fdstavby a vyu\u017eitia tunelov a in\u00fdch podzemn\u00fdch diel,<\/li>\n\n\n\n<li>v\u0155tania vrtov na \u0165a\u017ebu uh\u013eovod\u00edkov ale aj geoterm\u00e1lnych vrtov,<\/li>\n\n\n\n<li>ropn\u00e9ho a plyn\u00e1rensk\u00e9ho in\u017einierstva,<\/li>\n\n\n\n<li>z\u00e1chran\u00e1rstva, po\u017eiarnictva i bezpe\u010dnosti a ochrany zdravia pri pr\u00e1ci (BOZP).<\/li>\n<\/ul>\n\n\n\n<p>Oddelenie mont\u00e1nnych vied vzniklo spojen\u00edm 2 b\u00fdval\u00fdch katedier (Katedry dob\u00fdvania lo\u017e\u00edsk a geotechniky + Katedry ropn\u00e9ho in\u017einierstva), ktor\u00e9 maj\u00fa dlhodob\u00fa hist\u00f3riu na fakulte BERG.<\/p>\n\n\n\n<p>Hlavn\u00fdm poslan\u00edm oddelenia je zabezpe\u010di\u0165 vzdel\u00e1vanie \u0161tudentov internou aj externou formou \u0161t\u00fadia v bakal\u00e1rskom, in\u017einierskom aj doktorandskom \u0161t\u00fadiu. Oddelenie sa mimo pedagogickej \u010dinnosti zameriava na v\u00fdskumn\u00fa \u010dinnos\u0165 a rie\u0161enie projektov v uveden\u00fdch oblastiach. Oddelenie spolupracuje s firmami zaoberaj\u00facimi sa touto problematikou. Pri v\u00fdskume a projektoch oddelenie vyu\u017e\u00edva \u0161pecializovan\u00e9 laborat\u00f3ri\u00e1 nach\u00e1dzaj\u00face sa v&nbsp;jej priestoroch&nbsp; (Laborat\u00f3rium pracovn\u00e9ho prostredia a bezpe\u010dnosti, Laborat\u00f3rium a v\u00fdskumn\u00e1 hala geomechaniky, Laborat\u00f3rium trhac\u00edch pr\u00e1c, Laborat\u00f3rium in\u017einierskej seizmiky).<\/p>\n\n\n\n<div style=\"height:40px\" aria-hidden=\"true\" class=\"wp-block-spacer\"><\/div>\n\n\n\n<p class=\"has-large-font-size\" style=\"text-decoration:underline\"><strong>Pracovn\u00edci<\/strong><\/p>\n\n\n\n<div style=\"height:20px\" aria-hidden=\"true\" class=\"wp-block-spacer\"><\/div>\n\n\n\n<p class=\"has-large-font-size\"><strong>Ved\u00faci oddelenia<\/strong><\/p>\n\n\n\n<div style=\"height:20px\" aria-hidden=\"true\" class=\"wp-block-spacer\"><\/div>\n\n\n\n<div class=\"wp-block-media-text alignwide is-stacked-on-mobile is-vertically-aligned-top\" style=\"grid-template-columns:30% auto\"><figure class=\"wp-block-media-text__media\"><img loading=\"lazy\" decoding=\"async\" width=\"1024\" height=\"683\" src=\"https:\/\/omv.uzz.fberg.tuke.sk\/wp-content\/uploads\/2023\/07\/foto_Sofranko-1024x683.jpg\" alt=\"\" class=\"wp-image-149 size-full\" srcset=\"https:\/\/omv.uzz.fberg.tuke.sk\/wp-content\/uploads\/2023\/07\/foto_Sofranko-1024x683.jpg 1024w, https:\/\/omv.uzz.fberg.tuke.sk\/wp-content\/uploads\/2023\/07\/foto_Sofranko-300x200.jpg 300w, https:\/\/omv.uzz.fberg.tuke.sk\/wp-content\/uploads\/2023\/07\/foto_Sofranko-768x512.jpg 768w, https:\/\/omv.uzz.fberg.tuke.sk\/wp-content\/uploads\/2023\/07\/foto_Sofranko-1536x1024.jpg 1536w, https:\/\/omv.uzz.fberg.tuke.sk\/wp-content\/uploads\/2023\/07\/foto_Sofranko.jpg 1650w\" sizes=\"auto, (max-width: 1024px) 100vw, 1024px\" \/><\/figure><div class=\"wp-block-media-text__content\">\n<p><strong>prof. Ing. Marian \u0160ofranko, PhD.<\/strong><br>Park Komensk\u00e9ho 19, \u010d. d. 155<br>Mail: marian.sofranko@tuke.sk<br>Tel: +421 55 602 2955<\/p>\n\n\n<div class=\"wp-block-image\">\n<figure class=\"alignleft size-full\"><a href=\"mailto: marian.sofranko@tuke.sk\"><img loading=\"lazy\" decoding=\"async\" width=\"79\" height=\"79\" src=\"https:\/\/omv.uzz.fberg.tuke.sk\/wp-content\/uploads\/2024\/02\/MAIL-1.png\" alt=\"\" class=\"wp-image-490\"\/><\/a><\/figure>\n<\/div>\n\n<div class=\"wp-block-image\">\n<figure class=\"alignleft size-full\"><a href=\"tel:+421(55)6022955\"><img loading=\"lazy\" decoding=\"async\" width=\"80\" height=\"79\" src=\"https:\/\/omv.uzz.fberg.tuke.sk\/wp-content\/uploads\/2024\/02\/TEL-1.png\" alt=\"\" class=\"wp-image-491\"\/><\/a><\/figure>\n<\/div><\/div><\/div>\n\n\n\n<div style=\"height:60px\" aria-hidden=\"true\" class=\"wp-block-spacer\"><\/div>\n\n\n\n<p class=\"has-large-font-size\"><strong>Pracovn\u00edci<\/strong><\/p>\n\n\n\n<div style=\"height:40px\" aria-hidden=\"true\" class=\"wp-block-spacer\"><\/div>\n\n\n\n<div class=\"wp-block-media-text alignwide is-stacked-on-mobile is-vertically-aligned-top\" style=\"grid-template-columns:30% auto\"><figure class=\"wp-block-media-text__media\"><img decoding=\"async\" src=\"https:\/\/omv2.uzz.fberg.tuke.sk\/wp-content\/uploads\/2023\/06\/Maria-Kanuchova.jpg\" alt=\"\" class=\"wp-image-135 size-full\"\/><\/figure><div class=\"wp-block-media-text__content\">\n<p><strong>doc. Ing. Gabriel Wittenberger, PhD.<br><\/strong>Park Komensk\u00e9ho 19, \u010d. d. 150<br>Mail: gabriel.wittenberger@tuke.sk<br>Tel: +421 55 602 3148<\/p>\n\n\n<div class=\"wp-block-image\">\n<figure class=\"alignleft size-full\"><a href=\"mailto:gabriel.wittenberger@tuke.sk\"><img loading=\"lazy\" decoding=\"async\" width=\"79\" height=\"79\" src=\"https:\/\/omv.uzz.fberg.tuke.sk\/wp-content\/uploads\/2024\/02\/MAIL-1.png\" alt=\"\" class=\"wp-image-490\"\/><\/a><\/figure>\n<\/div>\n\n<div class=\"wp-block-image\">\n<figure class=\"alignleft size-full\"><a href=\"tel:+421(55)6023148\"><img loading=\"lazy\" decoding=\"async\" width=\"80\" height=\"79\" src=\"https:\/\/omv.uzz.fberg.tuke.sk\/wp-content\/uploads\/2024\/02\/TEL-1.png\" alt=\"\" class=\"wp-image-491\"\/><\/a><\/figure>\n<\/div><\/div><\/div>\n\n\n\n<div style=\"height:40px\" aria-hidden=\"true\" class=\"wp-block-spacer\"><\/div>\n\n\n\n<div class=\"wp-block-media-text alignwide is-stacked-on-mobile is-vertically-aligned-top\" style=\"grid-template-columns:30% auto\"><figure class=\"wp-block-media-text__media\"><img decoding=\"async\" src=\"https:\/\/omv2.uzz.fberg.tuke.sk\/wp-content\/uploads\/2023\/06\/Tomas-Holub.jpg\" alt=\"\" class=\"wp-image-137 size-full\"\/><\/figure><div class=\"wp-block-media-text__content\">\n<p><strong><strong><strong>pplk. Ing. Miroslav Betu\u0161, PhD.<\/strong><\/strong><br><\/strong>Park Komensk\u00e9ho 19, \u010d. d. 148<br>Mail: miroslav.betus@tuke.sk<br>Tel: +421 55 602 3150<\/p>\n\n\n<div class=\"wp-block-image\">\n<figure class=\"alignleft size-full\"><a href=\"mailto:miroslav.betus@tuke.sk\"><img loading=\"lazy\" decoding=\"async\" width=\"79\" height=\"79\" src=\"https:\/\/omv.uzz.fberg.tuke.sk\/wp-content\/uploads\/2024\/02\/MAIL-1.png\" alt=\"\" class=\"wp-image-490\"\/><\/a><\/figure>\n<\/div>\n\n<div class=\"wp-block-image\">\n<figure class=\"alignleft size-full\"><a href=\"tel:+421(55)6023150\"><img loading=\"lazy\" decoding=\"async\" width=\"80\" height=\"79\" src=\"https:\/\/omv.uzz.fberg.tuke.sk\/wp-content\/uploads\/2024\/02\/TEL-1.png\" alt=\"\" class=\"wp-image-491\"\/><\/a><\/figure>\n<\/div><\/div><\/div>\n\n\n\n<div style=\"height:40px\" aria-hidden=\"true\" class=\"wp-block-spacer\"><\/div>\n\n\n\n<div class=\"wp-block-media-text alignwide is-stacked-on-mobile is-vertically-aligned-top\" style=\"grid-template-columns:30% auto\"><figure class=\"wp-block-media-text__media\"><img loading=\"lazy\" decoding=\"async\" width=\"352\" height=\"289\" src=\"https:\/\/omv2.uzz.fberg.tuke.sk\/wp-content\/uploads\/2023\/06\/prazdne.jpg\" alt=\"\" class=\"wp-image-104 size-full\" srcset=\"https:\/\/omv.uzz.fberg.tuke.sk\/wp-content\/uploads\/2023\/06\/prazdne.jpg 352w, https:\/\/omv.uzz.fberg.tuke.sk\/wp-content\/uploads\/2023\/06\/prazdne-300x246.jpg 300w\" sizes=\"auto, (max-width: 352px) 100vw, 352px\" \/><\/figure><div class=\"wp-block-media-text__content\">\n<p><strong><strong><strong><strong>Ing. Martin Kon\u010dek, PhD.<\/strong><\/strong><\/strong><br><\/strong>Park Komensk\u00e9ho 19, \u010d. d. 156<br>Mail: martin.koncek@tuke.sk<br>Tel: +421 55 602 2952<\/p>\n\n\n<div class=\"wp-block-image\">\n<figure class=\"alignleft size-full\"><a href=\"mailto:martin.koncek@tuke.sk\"><img loading=\"lazy\" decoding=\"async\" width=\"79\" height=\"79\" src=\"https:\/\/omv.uzz.fberg.tuke.sk\/wp-content\/uploads\/2024\/02\/MAIL-1.png\" alt=\"\" class=\"wp-image-490\"\/><\/a><\/figure>\n<\/div>\n\n<div class=\"wp-block-image\">\n<figure class=\"alignleft size-full\"><a href=\"tel:+421(55)6022952\"><img loading=\"lazy\" decoding=\"async\" width=\"80\" height=\"79\" src=\"https:\/\/omv.uzz.fberg.tuke.sk\/wp-content\/uploads\/2024\/02\/TEL-1.png\" alt=\"\" class=\"wp-image-491\"\/><\/a><\/figure>\n<\/div><\/div><\/div>\n\n\n\n<div style=\"height:40px\" aria-hidden=\"true\" class=\"wp-block-spacer\"><\/div>\n\n\n\n<div class=\"wp-block-media-text alignwide is-stacked-on-mobile is-vertically-aligned-top\" style=\"grid-template-columns:30% auto\"><figure class=\"wp-block-media-text__media\"><img decoding=\"async\" src=\"https:\/\/omv2.uzz.fberg.tuke.sk\/wp-content\/uploads\/2023\/06\/Martin-Sisol-683x1024.jpg\" alt=\"\" class=\"wp-image-132 size-full\"\/><\/figure><div class=\"wp-block-media-text__content\">\n<p><strong>Ing. Peter Balu\u0161\u00edk<\/strong><br>Park Komensk\u00e9ho 19, \u010d. d. 151<br>E-Mail: peter.balusik@tuke.sk<br>Tel: +421 (55) 602 2850<\/p>\n\n\n<div class=\"wp-block-image\">\n<figure class=\"alignleft size-full\"><a href=\"mailto:peter.balusik@tuke.sk\"><img loading=\"lazy\" decoding=\"async\" width=\"79\" height=\"79\" src=\"https:\/\/omv.uzz.fberg.tuke.sk\/wp-content\/uploads\/2024\/02\/MAIL-1.png\" alt=\"\" class=\"wp-image-490\"\/><\/a><\/figure>\n<\/div>\n\n<div class=\"wp-block-image\">\n<figure class=\"alignleft size-full\"><a href=\"tel:+421(55)6022850\"><img loading=\"lazy\" decoding=\"async\" width=\"80\" height=\"79\" src=\"https:\/\/omv.uzz.fberg.tuke.sk\/wp-content\/uploads\/2024\/02\/TEL-1.png\" alt=\"\" class=\"wp-image-491\"\/><\/a><\/figure>\n<\/div><\/div><\/div>\n\n\n\n<div style=\"height:40px\" aria-hidden=\"true\" class=\"wp-block-spacer\"><\/div>\n\n\n\n<div style=\"height:40px\" aria-hidden=\"true\" class=\"wp-block-spacer\"><\/div>\n\n\n\n<p class=\"has-large-font-size\"><strong>Intern\u00ed<\/strong> <strong>doktorandi<\/strong><\/p>\n\n\n\n<div style=\"height:20px\" aria-hidden=\"true\" class=\"wp-block-spacer\"><\/div>\n\n\n\n<div class=\"wp-block-media-text alignwide is-stacked-on-mobile is-vertically-aligned-top\" style=\"grid-template-columns:30% auto\"><figure class=\"wp-block-media-text__media\"><img loading=\"lazy\" decoding=\"async\" width=\"352\" height=\"289\" src=\"https:\/\/omv2.uzz.fberg.tuke.sk\/wp-content\/uploads\/2023\/06\/prazdne.jpg\" alt=\"\" class=\"wp-image-104 size-full\" srcset=\"https:\/\/omv.uzz.fberg.tuke.sk\/wp-content\/uploads\/2023\/06\/prazdne.jpg 352w, https:\/\/omv.uzz.fberg.tuke.sk\/wp-content\/uploads\/2023\/06\/prazdne-300x246.jpg 300w\" sizes=\"auto, (max-width: 352px) 100vw, 352px\" \/><\/figure><div class=\"wp-block-media-text__content\">\n<p><strong><strong><strong><strong><strong>Ing. Ivanna Betu\u0161ov\u00e1<\/strong><\/strong><\/strong><\/strong><br><\/strong>Park Komensk\u00e9ho 19, \u010d. d. 153<br>Mail: ivanna.betusova@tuke.sk<br>Tel: +421 55 602 3124<\/p>\n\n\n<div class=\"wp-block-image\">\n<figure class=\"alignleft size-full\"><a href=\"mailto:ivanna.betusova@tuke.sk\"><img loading=\"lazy\" decoding=\"async\" width=\"79\" height=\"79\" src=\"https:\/\/omv.uzz.fberg.tuke.sk\/wp-content\/uploads\/2024\/02\/MAIL-1.png\" alt=\"\" class=\"wp-image-490\"\/><\/a><\/figure>\n<\/div>\n\n<div class=\"wp-block-image\">\n<figure class=\"alignleft size-full\"><a href=\"tel:+421(55)6023124\"><img loading=\"lazy\" decoding=\"async\" width=\"80\" height=\"79\" src=\"https:\/\/omv.uzz.fberg.tuke.sk\/wp-content\/uploads\/2024\/02\/TEL-1.png\" alt=\"\" class=\"wp-image-491\"\/><\/a><\/figure>\n<\/div><\/div><\/div>\n","protected":false},"excerpt":{"rendered":"<p>Oddelenie mont\u00e1nnych vied je organiza\u010dne zaraden\u00e9 na \u00dastave zemsk\u00fdch zdrojov Fakulty ban\u00edctva, ekol\u00f3gie, riadenia a geotechnol\u00f3gi\u00ed Technickej univerzity v&nbsp;Ko\u0161iciach. Oddelenie mont\u00e1nnych vied je pracoviskom, ktor\u00e9 sa zaober\u00e1 vzdel\u00e1van\u00edm a v\u00fdskumom v oblastiach: Oddelenie mont\u00e1nnych vied vzniklo spojen\u00edm 2 b\u00fdval\u00fdch katedier&hellip; <\/p>\n","protected":false},"author":1,"featured_media":0,"parent":0,"menu_order":0,"comment_status":"closed","ping_status":"closed","template":"","meta":{"footnotes":""},"class_list":["post-13","page","type-page","status-publish","hentry"],"_links":{"self":[{"href":"https:\/\/omv.uzz.fberg.tuke.sk\/index.php\/wp-json\/wp\/v2\/pages\/13","targetHints":{"allow":["GET"]}}],"collection":[{"href":"https:\/\/omv.uzz.fberg.tuke.sk\/index.php\/wp-json\/wp\/v2\/pages"}],"about":[{"href":"https:\/\/omv.uzz.fberg.tuke.sk\/index.php\/wp-json\/wp\/v2\/types\/page"}],"author":[{"embeddable":true,"href":"https:\/\/omv.uzz.fberg.tuke.sk\/index.php\/wp-json\/wp\/v2\/users\/1"}],"replies":[{"embeddable":true,"href":"https:\/\/omv.uzz.fberg.tuke.sk\/index.php\/wp-json\/wp\/v2\/comments?post=13"}],"version-history":[{"count":52,"href":"https:\/\/omv.uzz.fberg.tuke.sk\/index.php\/wp-json\/wp\/v2\/pages\/13\/revisions"}],"predecessor-version":[{"id":514,"href":"https:\/\/omv.uzz.fberg.tuke.sk\/index.php\/wp-json\/wp\/v2\/pages\/13\/revisions\/514"}],"wp:attachment":[{"href":"https:\/\/omv.uzz.fberg.tuke.sk\/index.php\/wp-json\/wp\/v2\/media?parent=13"}],"curies":[{"name":"wp","href":"https:\/\/api.w.org\/{rel}","templated":true}]}}