{"id":14,"date":"2023-04-27T08:41:44","date_gmt":"2023-04-27T08:41:44","guid":{"rendered":"https:\/\/oss.uzz.fberg.tuke.sk\/?page_id=14"},"modified":"2023-11-16T08:52:40","modified_gmt":"2023-11-16T08:52:40","slug":"kontakt","status":"publish","type":"page","link":"https:\/\/omv.uzz.fberg.tuke.sk\/index.php\/kontakt\/","title":{"rendered":"Kontakt"},"content":{"rendered":"\n<div class=\"wp-block-group is-vertical is-content-justification-left is-layout-flex wp-container-core-group-is-layout-c0ca7d81 wp-block-group-is-layout-flex\">\n<p>Oddelenia mont\u00e1nnych vied<\/p>\n\n\n\n<p>Technick\u00e1 univerzita v&nbsp;Ko\u0161iciach, FBERG, \u00dastav zemsk\u00fdch zdrojov<\/p>\n\n\n\n<p>Park Komensk\u00e9ho 19<\/p>\n\n\n\n<p>042 00 Ko\u0161ice<\/p>\n<\/div>\n\n\n\n<div style=\"height:60px\" aria-hidden=\"true\" class=\"wp-block-spacer\"><\/div>\n\n\n\n<p class=\"has-large-font-size\"><strong>Ved\u00faci oddelenia<\/strong><\/p>\n\n\n\n<div style=\"height:20px\" aria-hidden=\"true\" class=\"wp-block-spacer\"><\/div>\n\n\n\n<div class=\"wp-block-media-text alignwide is-stacked-on-mobile is-vertically-aligned-top\" style=\"grid-template-columns:30% auto\"><figure class=\"wp-block-media-text__media\"><img loading=\"lazy\" decoding=\"async\" width=\"1024\" height=\"683\" src=\"https:\/\/omv.uzz.fberg.tuke.sk\/wp-content\/uploads\/2023\/07\/foto_Sofranko-1-1024x683.jpg\" alt=\"\" class=\"wp-image-154 size-full\" srcset=\"https:\/\/omv.uzz.fberg.tuke.sk\/wp-content\/uploads\/2023\/07\/foto_Sofranko-1-1024x683.jpg 1024w, https:\/\/omv.uzz.fberg.tuke.sk\/wp-content\/uploads\/2023\/07\/foto_Sofranko-1-300x200.jpg 300w, https:\/\/omv.uzz.fberg.tuke.sk\/wp-content\/uploads\/2023\/07\/foto_Sofranko-1-768x512.jpg 768w, https:\/\/omv.uzz.fberg.tuke.sk\/wp-content\/uploads\/2023\/07\/foto_Sofranko-1-1536x1024.jpg 1536w, https:\/\/omv.uzz.fberg.tuke.sk\/wp-content\/uploads\/2023\/07\/foto_Sofranko-1.jpg 1650w\" sizes=\"auto, (max-width: 1024px) 100vw, 1024px\" \/><\/figure><div class=\"wp-block-media-text__content\">\n<p><strong>prof. Ing. Marian \u0160ofranko, PhD.<\/strong><br>Park Komensk\u00e9ho 19, \u010d. d. 155<br>Mail: marian.sofranko@tuke.sk<br>Tel: +421 55 602 2955<\/p>\n\n\n<div class=\"wp-block-image\">\n<figure class=\"alignleft is-resized\"><a href=\"mailto:marian.sofranko@tuke.sk\"><img decoding=\"async\" src=\"http:\/\/mineral-processing.sk\/img\/email-128.png\" alt=\"HTML tutorial\" style=\"width:64px;height:64px\"\/><\/a><\/figure>\n<\/div>\n\n<div class=\"wp-block-image\">\n<figure class=\"alignleft is-resized\"><a href=\"tel:+421(55)6022955\"><img decoding=\"async\" src=\"http:\/\/mineral-processing.sk\/img\/phone-128.png\" alt=\"HTML tutorial\" style=\"width:64px;height:64px\"\/><\/a><\/figure>\n<\/div><\/div><\/div>\n","protected":false},"excerpt":{"rendered":"<p>Oddelenia mont\u00e1nnych vied Technick\u00e1 univerzita v&nbsp;Ko\u0161iciach, FBERG, \u00dastav zemsk\u00fdch zdrojov Park Komensk\u00e9ho 19 042 00 Ko\u0161ice Ved\u00faci oddelenia<\/p>\n","protected":false},"author":1,"featured_media":0,"parent":0,"menu_order":0,"comment_status":"closed","ping_status":"closed","template":"","meta":{"footnotes":""},"class_list":["post-14","page","type-page","status-publish","hentry"],"_links":{"self":[{"href":"https:\/\/omv.uzz.fberg.tuke.sk\/index.php\/wp-json\/wp\/v2\/pages\/14","targetHints":{"allow":["GET"]}}],"collection":[{"href":"https:\/\/omv.uzz.fberg.tuke.sk\/index.php\/wp-json\/wp\/v2\/pages"}],"about":[{"href":"https:\/\/omv.uzz.fberg.tuke.sk\/index.php\/wp-json\/wp\/v2\/types\/page"}],"author":[{"embeddable":true,"href":"https:\/\/omv.uzz.fberg.tuke.sk\/index.php\/wp-json\/wp\/v2\/users\/1"}],"replies":[{"embeddable":true,"href":"https:\/\/omv.uzz.fberg.tuke.sk\/index.php\/wp-json\/wp\/v2\/comments?post=14"}],"version-history":[{"count":8,"href":"https:\/\/omv.uzz.fberg.tuke.sk\/index.php\/wp-json\/wp\/v2\/pages\/14\/revisions"}],"predecessor-version":[{"id":456,"href":"https:\/\/omv.uzz.fberg.tuke.sk\/index.php\/wp-json\/wp\/v2\/pages\/14\/revisions\/456"}],"wp:attachment":[{"href":"https:\/\/omv.uzz.fberg.tuke.sk\/index.php\/wp-json\/wp\/v2\/media?parent=14"}],"curies":[{"name":"wp","href":"https:\/\/api.w.org\/{rel}","templated":true}]}}