{"id":195,"date":"2023-07-13T09:48:53","date_gmt":"2023-07-13T09:48:53","guid":{"rendered":"https:\/\/omv.uzz.fberg.tuke.sk\/?page_id=195"},"modified":"2023-07-14T10:04:10","modified_gmt":"2023-07-14T10:04:10","slug":"laboratorium-trhacich-prac","status":"publish","type":"page","link":"https:\/\/omv.uzz.fberg.tuke.sk\/index.php\/vybavenie\/laboratorium-trhacich-prac\/","title":{"rendered":"Laborat\u00f3rium trhac\u00edch pr\u00e1c"},"content":{"rendered":"\n<p>Park Komensk\u00e9ho 19, &nbsp;Ko\u0161ice<\/p>\n\n\n\n<p>Zodpovedn\u00fd za laborat\u00f3rium: <strong>doc. Ing. Marian \u0160ofranko, PhD.<\/strong><\/p>\n\n\n\n<p><strong>Charakteristika laborat\u00f3ria:<\/strong> Po\u010d\u00edta\u010dov\u00e9 laborat\u00f3rium trhac\u00edch pr\u00e1c je prioritne zameran\u00e9 na rie\u0161enia projektovania trhac\u00edch pr\u00e1c s vyu\u017eit\u00edm modern\u00fdch softv\u00e9rov\u00fdch prostriedkov. Cie\u013eom tohto laborat\u00f3ria je realiz\u00e1cia praktick\u00fdch po\u010d\u00edta\u010dov\u00fdch rie\u0161en\u00ed projektovania trhac\u00edch pr\u00e1c v r\u00e1mci v\u00fdu\u010dby predmetov zameran\u00fdch na vyu\u017e\u00edvanie v\u00fdbu\u0161n\u00edn, pomoc pri spracov\u00e1van\u00ed t\u00e9m bakal\u00e1rskych a diplomov\u00fdch pr\u00e1c orientovan\u00fdch na realiz\u00e1ciu trhac\u00edch pr\u00e1c, po\u010d\u00edta\u010dov\u00e1 podpora pre rie\u0161enie v\u00fdskumn\u00fdch \u00faloh v oblasti trhac\u00edch pr\u00e1c.<\/p>\n\n\n\n<p>Laborat\u00f3rium trhac\u00edch pr\u00e1c je vybaven\u00e9 12 ks PC jednotiek, roznetnica pre elektrick\u00e9 roznety RKC 1, atrapy prostriedkov trhacej techniky, odborn\u00e1 literat\u00fara,softv\u00e9rov\u00e9 prostriedky:<\/p>\n\n\n\n<ul class=\"wp-block-list\">\n<li>SHOTPlus Premier \u2013 verzia pre povrchov\u00fa \u0165a\u017ebu<\/li>\n\n\n\n<li>SHOTPlus Underground-&nbsp; verzia zameran\u00e1 na trhacie pr\u00e1ce pri \u0165a\u017ebe v podzem\u00ed<\/li>\n\n\n\n<li>SHOTPlus-Tunnel \u2013 verzia zameran\u00e1 na trhacie pr\u00e1ce pri v\u00fdstavbe tunelov, m\u00f4\u017ee by\u0165 vyu\u017eit\u00fd aj pri projektovan\u00ed trhac\u00edch prac v bani ( otv\u00e1rkov\u00e9, pr\u00edpravn\u00e9 diela).<\/li>\n\n\n\n<li>Projek\u010dn\u00e1 sada prostriedkov od firmy Carlson \u2013 geol\u00f3gia, pl\u00e1novanie povrchovej a hlbinnej \u0165a\u017eby, projektovanie trhac\u00edch pr\u00e1c<\/li>\n\n\n\n<li>Softv\u00e9r Bruno pre pl\u00e1novanie technologick\u00fdch liniek na v\u00fdrobu kameniva<\/li>\n<\/ul>\n\n\n\n<p>Svojim softv\u00e9rov\u00fdm vybaven\u00edm toto laborat\u00f3rium umo\u017e\u0148uje jeho vyu\u017eitie aj pre rie\u0161enie \u00faloh v oblasti pl\u00e1novania \u0165a\u017eby nerastov, modelovania lomov, projektovania technologick\u00fdch liniek na v\u00fdrobu kameniva a pod.<\/p>\n\n\n<div class=\"flexslider ewic-slider-lite is_on_\" id=\"ewic-con-43469e1ffed0c64d\"><style>#ewic-con-43469e1ffed0c64d .flex-direction-nav .flex-next, #ewic-con-43469e1ffed0c64d .flex-direction-nav .flex-prev {opacity: 1;} #ewic-con-43469e1ffed0c64d .flex-direction-nav .flex-next {right: 10px !important; text-align: right !important;} #ewic-con-43469e1ffed0c64d .flex-direction-nav .flex-prev {left: 10px !important;}<\/style><div id=\"preloader-43469e1ffed0c64d\" class=\"sliderpreloader\"><\/div><ul style=\"display:none;\" class=\"slides flexslider-43469e1ffed0c64d\"><li class=\"ewic-slider\"><a href=\"https:\/\/omv.uzz.fberg.tuke.sk\/wp-content\/uploads\/2023\/07\/Lab_TP_1-scaled.jpg\" title=\"Lab_TP_1\" rel=\"ewicprettyPhoto[43469e1ffed0c64d]\"><img decoding=\"async\" title=\"Lab_TP_1\" class=\"ewic-wid-imgs\" src=\"https:\/\/omv.uzz.fberg.tuke.sk\/wp-content\/uploads\/2023\/07\/Lab_TP_1-scaled.jpg\" \/><p class=\"flex-caption\">Lab_TP_1<\/p><\/a><\/li><li class=\"ewic-slider\"><a href=\"https:\/\/omv.uzz.fberg.tuke.sk\/wp-content\/uploads\/2023\/07\/Lab_TP_2-scaled.jpg\" title=\"Lab_TP_2\" rel=\"ewicprettyPhoto[43469e1ffed0c64d]\"><img decoding=\"async\" title=\"Lab_TP_2\" class=\"ewic-wid-imgs\" src=\"https:\/\/omv.uzz.fberg.tuke.sk\/wp-content\/uploads\/2023\/07\/Lab_TP_2-scaled.jpg\" \/><p class=\"flex-caption\">Lab_TP_2<\/p><\/a><\/li><li class=\"ewic-slider\"><a href=\"https:\/\/omv.uzz.fberg.tuke.sk\/wp-content\/uploads\/2023\/07\/Lab_TP_3-scaled.jpg\" title=\"Lab_TP_3\" rel=\"ewicprettyPhoto[43469e1ffed0c64d]\"><img decoding=\"async\" title=\"Lab_TP_3\" class=\"ewic-wid-imgs\" src=\"https:\/\/omv.uzz.fberg.tuke.sk\/wp-content\/uploads\/2023\/07\/Lab_TP_3-scaled.jpg\" \/><p class=\"flex-caption\">Lab_TP_3<\/p><\/a><\/li><li class=\"ewic-slider\"><a href=\"https:\/\/omv.uzz.fberg.tuke.sk\/wp-content\/uploads\/2023\/07\/Lab_TP_4-1-scaled.jpg\" title=\"Lab_TP_4\" rel=\"ewicprettyPhoto[43469e1ffed0c64d]\"><img decoding=\"async\" title=\"Lab_TP_4\" class=\"ewic-wid-imgs\" src=\"https:\/\/omv.uzz.fberg.tuke.sk\/wp-content\/uploads\/2023\/07\/Lab_TP_4-1-scaled.jpg\" \/><p class=\"flex-caption\">Lab_TP_4<\/p><\/a><\/li><li class=\"ewic-slider\"><a href=\"https:\/\/omv.uzz.fberg.tuke.sk\/wp-content\/uploads\/2023\/07\/Lab_TP_5-scaled.jpg\" title=\"Lab_TP_5\" rel=\"ewicprettyPhoto[43469e1ffed0c64d]\"><img decoding=\"async\" title=\"Lab_TP_5\" class=\"ewic-wid-imgs\" src=\"https:\/\/omv.uzz.fberg.tuke.sk\/wp-content\/uploads\/2023\/07\/Lab_TP_5-scaled.jpg\" \/><p class=\"flex-caption\">Lab_TP_5<\/p><\/a><\/li><li class=\"ewic-slider\"><a href=\"https:\/\/omv.uzz.fberg.tuke.sk\/wp-content\/uploads\/2023\/07\/Lab_TP_6-scaled.jpg\" title=\"Lab_TP_6\" rel=\"ewicprettyPhoto[43469e1ffed0c64d]\"><img decoding=\"async\" title=\"Lab_TP_6\" class=\"ewic-wid-imgs\" src=\"https:\/\/omv.uzz.fberg.tuke.sk\/wp-content\/uploads\/2023\/07\/Lab_TP_6-scaled.jpg\" \/><p class=\"flex-caption\">Lab_TP_6<\/p><\/a><\/li><li class=\"ewic-slider\"><a href=\"https:\/\/omv.uzz.fberg.tuke.sk\/wp-content\/uploads\/2023\/07\/Lab_TP_7-scaled.jpg\" title=\"Lab_TP_7\" rel=\"ewicprettyPhoto[43469e1ffed0c64d]\"><img decoding=\"async\" title=\"Lab_TP_7\" class=\"ewic-wid-imgs\" src=\"https:\/\/omv.uzz.fberg.tuke.sk\/wp-content\/uploads\/2023\/07\/Lab_TP_7-scaled.jpg\" \/><p class=\"flex-caption\">Lab_TP_7<\/p><\/a><\/li><li class=\"ewic-slider\"><a href=\"https:\/\/omv.uzz.fberg.tuke.sk\/wp-content\/uploads\/2023\/07\/Lab_TP_8-scaled.jpg\" title=\"Lab_TP_8\" rel=\"ewicprettyPhoto[43469e1ffed0c64d]\"><img decoding=\"async\" title=\"Lab_TP_8\" class=\"ewic-wid-imgs\" src=\"https:\/\/omv.uzz.fberg.tuke.sk\/wp-content\/uploads\/2023\/07\/Lab_TP_8-scaled.jpg\" \/><p class=\"flex-caption\">Lab_TP_8<\/p><\/a><\/li><li class=\"ewic-slider\"><a href=\"https:\/\/omv.uzz.fberg.tuke.sk\/wp-content\/uploads\/2023\/07\/Lab_TP_9-1-scaled.jpg\" title=\"Lab_TP_9\" rel=\"ewicprettyPhoto[43469e1ffed0c64d]\"><img decoding=\"async\" title=\"Lab_TP_9\" class=\"ewic-wid-imgs\" src=\"https:\/\/omv.uzz.fberg.tuke.sk\/wp-content\/uploads\/2023\/07\/Lab_TP_9-1-scaled.jpg\" \/><p class=\"flex-caption\">Lab_TP_9<\/p><\/a><\/li><li class=\"ewic-slider\"><a href=\"https:\/\/omv.uzz.fberg.tuke.sk\/wp-content\/uploads\/2023\/07\/Lab_TP_10-scaled.jpg\" title=\"Lab_TP_10\" rel=\"ewicprettyPhoto[43469e1ffed0c64d]\"><img decoding=\"async\" title=\"Lab_TP_10\" class=\"ewic-wid-imgs\" src=\"https:\/\/omv.uzz.fberg.tuke.sk\/wp-content\/uploads\/2023\/07\/Lab_TP_10-scaled.jpg\" \/><p class=\"flex-caption\">Lab_TP_10<\/p><\/a><\/li><li class=\"ewic-slider\"><a href=\"https:\/\/omv.uzz.fberg.tuke.sk\/wp-content\/uploads\/2023\/07\/Lab_TP_11-scaled.jpg\" title=\"Lab_TP_11\" rel=\"ewicprettyPhoto[43469e1ffed0c64d]\"><img decoding=\"async\" title=\"Lab_TP_11\" class=\"ewic-wid-imgs\" src=\"https:\/\/omv.uzz.fberg.tuke.sk\/wp-content\/uploads\/2023\/07\/Lab_TP_11-scaled.jpg\" \/><p class=\"flex-caption\">Lab_TP_11<\/p><\/a><\/li><li class=\"ewic-slider\"><a href=\"https:\/\/omv.uzz.fberg.tuke.sk\/wp-content\/uploads\/2023\/07\/Lab_TP_12-scaled.jpg\" title=\"Lab_TP_12\" rel=\"ewicprettyPhoto[43469e1ffed0c64d]\"><img decoding=\"async\" title=\"Lab_TP_12\" class=\"ewic-wid-imgs\" src=\"https:\/\/omv.uzz.fberg.tuke.sk\/wp-content\/uploads\/2023\/07\/Lab_TP_12-scaled.jpg\" \/><p class=\"flex-caption\">Lab_TP_12<\/p><\/a><\/li><li class=\"ewic-slider\"><a href=\"https:\/\/omv.uzz.fberg.tuke.sk\/wp-content\/uploads\/2023\/07\/Lab_TP_13-scaled.jpg\" title=\"Lab_TP_13\" rel=\"ewicprettyPhoto[43469e1ffed0c64d]\"><img decoding=\"async\" title=\"Lab_TP_13\" class=\"ewic-wid-imgs\" src=\"https:\/\/omv.uzz.fberg.tuke.sk\/wp-content\/uploads\/2023\/07\/Lab_TP_13-scaled.jpg\" \/><p class=\"flex-caption\">Lab_TP_13<\/p><\/a><\/li><li class=\"ewic-slider\"><a href=\"https:\/\/omv.uzz.fberg.tuke.sk\/wp-content\/uploads\/2023\/07\/Lab_TP_14-scaled.jpg\" title=\"Lab_TP_14\" rel=\"ewicprettyPhoto[43469e1ffed0c64d]\"><img decoding=\"async\" title=\"Lab_TP_14\" class=\"ewic-wid-imgs\" src=\"https:\/\/omv.uzz.fberg.tuke.sk\/wp-content\/uploads\/2023\/07\/Lab_TP_14-scaled.jpg\" \/><p class=\"flex-caption\">Lab_TP_14<\/p><\/a><\/li><li class=\"ewic-slider\"><a href=\"https:\/\/omv.uzz.fberg.tuke.sk\/wp-content\/uploads\/2023\/07\/Lab_TP_15-scaled.jpg\" title=\"Lab_TP_15\" rel=\"ewicprettyPhoto[43469e1ffed0c64d]\"><img decoding=\"async\" title=\"Lab_TP_15\" class=\"ewic-wid-imgs\" src=\"https:\/\/omv.uzz.fberg.tuke.sk\/wp-content\/uploads\/2023\/07\/Lab_TP_15-scaled.jpg\" \/><p class=\"flex-caption\">Lab_TP_15<\/p><\/a><\/li><li class=\"ewic-slider\"><a href=\"https:\/\/omv.uzz.fberg.tuke.sk\/wp-content\/uploads\/2023\/07\/Lab_TP_16-scaled.jpg\" title=\"Lab_TP_16\" rel=\"ewicprettyPhoto[43469e1ffed0c64d]\"><img decoding=\"async\" title=\"Lab_TP_16\" class=\"ewic-wid-imgs\" src=\"https:\/\/omv.uzz.fberg.tuke.sk\/wp-content\/uploads\/2023\/07\/Lab_TP_16-scaled.jpg\" \/><p class=\"flex-caption\">Lab_TP_16<\/p><\/a><\/li><\/ul><script type=\"text\/javascript\">\r\n\tjQuery(document).ready(function($) {\r\n\r\n\t\t$(\"#preloader-43469e1ffed0c64d\").fadeOut(500, function () {\r\n\r\n\t\t\t$(\"#ewic-con-43469e1ffed0c64d\").addClass(\"ready_to_show\");\r\n\r\n\t\t\t$(\"a[rel^='ewicprettyPhoto[43469e1ffed0c64d]']\").ewcPhoto({\r\n\t\t\t\ttheme: \"ewc_default\",\r\n\t\t\t\tallow_expand: false,\r\n\t\t\t\tdeeplinking: false,\r\n\t\t\t\tslideshow:5000,\r\n\t\t\t\tautoplay_slideshow:true,\r\n\t\t\t\tsocial_tools:false\r\n\t\t\t});\r\n\r\n\t\t\t$(\".flexslider-43469e1ffed0c64d\").fadeIn(300);\r\n\r\n\t\t\t$(\"#ewic-con-43469e1ffed0c64d\").flexslider({\r\n\t\t\t\tanimation: \"slide\",\r\n\t\t\t\tanimationSpeed: 0,\r\n\t\t\t\tuseCSS: false,\r\n\t\t\t\teasing: \"easeInQuad\",\r\n\t\t\t\tdirection: \"horizontal\",\r\n\t\t\t\tslideshow: true,\r\n\t\t\t\tsmoothHeight: true,\r\n\t\t\t\tpauseOnHover: true,\r\n\t\t\t\tcontrolNav: false,\r\n\t\t\t\tprevText: \"\",\r\n\t\t\t\tnextText: \"\",\r\n\t\t\t\trtl: false,\r\n\t\t\t\tslideshowSpeed: 5000,\r\n\t\t\t\tstart: function(slider){\r\n\t\t\t\t\t$(\"#ewic-con-43469e1ffed0c64d\").find(\".flex-caption\").hide();\r\n\t\t\t\t\tvar curSlide = slider.find(\"li.flex-active-slide\");\r\n\t\t\t\t\t$(curSlide).find(\".flex-caption\").slideDown();\r\n\t\t\t\t},\r\n\t\t\t\tbefore: function(slider) {\r\n\t\t\t\t\t$(\"#ewic-con-43469e1ffed0c64d\").find(\".flex-caption\").slideUp();\r\n\t\t\t\t},\r\n\t\t\t\tafter: function(slider) {\r\n\t\t\t\t\tvar curSlide = slider.find(\"li.flex-active-slide\");\r\n\t\t\t\t\t$(curSlide).find(\".flex-caption\").slideDown();\r\n\t\t\t\t}\r\n\r\n\t\t\t});\r\n\r\n\t\t});\r\n\r\n\t});\r\n<\/script><\/div>\r\n","protected":false},"excerpt":{"rendered":"<p>Park Komensk\u00e9ho 19, &nbsp;Ko\u0161ice Zodpovedn\u00fd za laborat\u00f3rium: doc. Ing. Marian \u0160ofranko, PhD. Charakteristika laborat\u00f3ria: Po\u010d\u00edta\u010dov\u00e9 laborat\u00f3rium trhac\u00edch pr\u00e1c je prioritne zameran\u00e9 na rie\u0161enia projektovania trhac\u00edch pr\u00e1c s vyu\u017eit\u00edm modern\u00fdch softv\u00e9rov\u00fdch prostriedkov. Cie\u013eom tohto laborat\u00f3ria je realiz\u00e1cia praktick\u00fdch po\u010d\u00edta\u010dov\u00fdch rie\u0161en\u00ed projektovania&hellip; <\/p>\n","protected":false},"author":1,"featured_media":0,"parent":10,"menu_order":0,"comment_status":"closed","ping_status":"closed","template":"","meta":{"footnotes":""},"class_list":["post-195","page","type-page","status-publish","hentry"],"_links":{"self":[{"href":"https:\/\/omv.uzz.fberg.tuke.sk\/index.php\/wp-json\/wp\/v2\/pages\/195","targetHints":{"allow":["GET"]}}],"collection":[{"href":"https:\/\/omv.uzz.fberg.tuke.sk\/index.php\/wp-json\/wp\/v2\/pages"}],"about":[{"href":"https:\/\/omv.uzz.fberg.tuke.sk\/index.php\/wp-json\/wp\/v2\/types\/page"}],"author":[{"embeddable":true,"href":"https:\/\/omv.uzz.fberg.tuke.sk\/index.php\/wp-json\/wp\/v2\/users\/1"}],"replies":[{"embeddable":true,"href":"https:\/\/omv.uzz.fberg.tuke.sk\/index.php\/wp-json\/wp\/v2\/comments?post=195"}],"version-history":[{"count":5,"href":"https:\/\/omv.uzz.fberg.tuke.sk\/index.php\/wp-json\/wp\/v2\/pages\/195\/revisions"}],"predecessor-version":[{"id":453,"href":"https:\/\/omv.uzz.fberg.tuke.sk\/index.php\/wp-json\/wp\/v2\/pages\/195\/revisions\/453"}],"up":[{"embeddable":true,"href":"https:\/\/omv.uzz.fberg.tuke.sk\/index.php\/wp-json\/wp\/v2\/pages\/10"}],"wp:attachment":[{"href":"https:\/\/omv.uzz.fberg.tuke.sk\/index.php\/wp-json\/wp\/v2\/media?parent=195"}],"curies":[{"name":"wp","href":"https:\/\/api.w.org\/{rel}","templated":true}]}}