{"id":214,"date":"2023-07-13T10:18:10","date_gmt":"2023-07-13T10:18:10","guid":{"rendered":"https:\/\/omv.uzz.fberg.tuke.sk\/?page_id=214"},"modified":"2025-10-23T05:56:35","modified_gmt":"2025-10-23T05:56:35","slug":"studijni-poradcovia","status":"publish","type":"page","link":"https:\/\/omv.uzz.fberg.tuke.sk\/index.php\/vzdelavanie\/studijni-poradcovia\/","title":{"rendered":"\u0160tudijn\u00ed poradcovia"},"content":{"rendered":"\n<p><strong>Bakal\u00e1rske \u0161t\u00fadium<\/strong><\/p>\n\n\n\n<p>\u0160tudijn\u00fd odbor: <em>z\u00edskavanie a spracovanie zemsk\u00fdch zdrojov<\/em><br>\u0160tudijn\u00fd program: Z\u00e1chran\u00e1rska, po\u017eiarna a bezpe\u010dnostn\u00e1 technika<\/p>\n\n\n\n<p>\u0160tudijn\u00e1 poradky\u0148a:<strong> doc. Ing. \u013dubica Koz\u00e1kov\u00e1, PhD.<\/strong><br>\u00dastav zemsk\u00fdch zdrojov, Park Komensk\u00e9ho 19, 042 00 Ko\u0161ice<br>tel.: +421 55 602 2990<br>e-mail: lubica.kozakova@tuke.sk<\/p>\n\n\n\n<hr class=\"wp-block-separator has-alpha-channel-opacity\"\/>\n\n\n\n<p><strong>In\u017einierske \u0161t\u00fadium<\/strong><\/p>\n\n\n\n<p>\u0160tudijn\u00fd odbor: <em>z\u00edskavanie a spracovanie zemsk\u00fdch zdrojov<\/em><br>\u0160tudijn\u00fd program: Z\u00e1chran\u00e1rska, po\u017eiarna a bezpe\u010dnostn\u00e1 technika<\/p>\n\n\n\n<p>\u0160tudijn\u00e1 poradky\u0148a:<strong> doc. Ing. \u013dubica Koz\u00e1kov\u00e1, PhD.<\/strong><br>\u00dastav zemsk\u00fdch zdrojov, Park Komensk\u00e9ho 19, 042 00 Ko\u0161ice<br>tel.: +421 55 602 2990<br>e-mail: lubica.kozakova@tuke.sk<\/p>\n\n\n\n<hr class=\"wp-block-separator has-alpha-channel-opacity\"\/>\n\n\n\n<p><strong>Doktorandsk\u00e9 \u0161t\u00fadium<\/strong><\/p>\n\n\n\n<p>\u0160tudijn\u00fd odbor: <em>z\u00edskavanie a spracovanie zemsk\u00fdch zdrojov<\/em><br>\u0160tudijn\u00fd program: \u0164a\u017eba nerastov a in\u017einierske geotechnol\u00f3gie<\/p>\n\n\n\n<p>\u0160tudijn\u00fd poradca: <strong>prof. Ing. Radim Ryb\u00e1r, PhD.<\/strong><br>\u00dastav zemsk\u00fdch zdrojov, Park Komensk\u00e9ho 19, 042 00 Ko\u0161ice<br>tel.: +421 55 602 2385<br>e-mail: radim.rybar@tuke.sk<\/p>\n","protected":false},"excerpt":{"rendered":"<p>Bakal\u00e1rske \u0161t\u00fadium \u0160tudijn\u00fd odbor: z\u00edskavanie a spracovanie zemsk\u00fdch zdrojov\u0160tudijn\u00fd program: Z\u00e1chran\u00e1rska, po\u017eiarna a bezpe\u010dnostn\u00e1 technika \u0160tudijn\u00e1 poradky\u0148a: doc. Ing. \u013dubica Koz\u00e1kov\u00e1, PhD.\u00dastav zemsk\u00fdch zdrojov, Park Komensk\u00e9ho 19, 042 00 Ko\u0161icetel.: +421 55 602 2990e-mail: lubica.kozakova@tuke.sk In\u017einierske \u0161t\u00fadium \u0160tudijn\u00fd odbor: z\u00edskavanie&hellip; <\/p>\n","protected":false},"author":1,"featured_media":0,"parent":12,"menu_order":0,"comment_status":"closed","ping_status":"closed","template":"","meta":{"footnotes":""},"class_list":["post-214","page","type-page","status-publish","hentry"],"_links":{"self":[{"href":"https:\/\/omv.uzz.fberg.tuke.sk\/index.php\/wp-json\/wp\/v2\/pages\/214","targetHints":{"allow":["GET"]}}],"collection":[{"href":"https:\/\/omv.uzz.fberg.tuke.sk\/index.php\/wp-json\/wp\/v2\/pages"}],"about":[{"href":"https:\/\/omv.uzz.fberg.tuke.sk\/index.php\/wp-json\/wp\/v2\/types\/page"}],"author":[{"embeddable":true,"href":"https:\/\/omv.uzz.fberg.tuke.sk\/index.php\/wp-json\/wp\/v2\/users\/1"}],"replies":[{"embeddable":true,"href":"https:\/\/omv.uzz.fberg.tuke.sk\/index.php\/wp-json\/wp\/v2\/comments?post=214"}],"version-history":[{"count":3,"href":"https:\/\/omv.uzz.fberg.tuke.sk\/index.php\/wp-json\/wp\/v2\/pages\/214\/revisions"}],"predecessor-version":[{"id":509,"href":"https:\/\/omv.uzz.fberg.tuke.sk\/index.php\/wp-json\/wp\/v2\/pages\/214\/revisions\/509"}],"up":[{"embeddable":true,"href":"https:\/\/omv.uzz.fberg.tuke.sk\/index.php\/wp-json\/wp\/v2\/pages\/12"}],"wp:attachment":[{"href":"https:\/\/omv.uzz.fberg.tuke.sk\/index.php\/wp-json\/wp\/v2\/media?parent=214"}],"curies":[{"name":"wp","href":"https:\/\/api.w.org\/{rel}","templated":true}]}}