{"id":459,"date":"2024-02-12T12:27:50","date_gmt":"2024-02-12T12:27:50","guid":{"rendered":"https:\/\/omv.uzz.fberg.tuke.sk\/?page_id=459"},"modified":"2025-10-23T05:56:02","modified_gmt":"2025-10-23T05:56:02","slug":"statne-zaverecne-skusky","status":"publish","type":"page","link":"https:\/\/omv.uzz.fberg.tuke.sk\/index.php\/vzdelavanie\/statne-zaverecne-skusky\/","title":{"rendered":"\u0160t\u00e1tne z\u00e1vere\u010dn\u00e9 sk\u00fa\u0161ky"},"content":{"rendered":"\n<p><strong>Oddelenie mont\u00e1nnych vied<\/strong><br><a href=\"https:\/\/omv.uzz.fberg.tuke.sk\/wp-content\/uploads\/2025\/01\/Otazky_ZPBT_bc.pdf\" target=\"_blank\" rel=\"noreferrer noopener\">Integrovan\u00fd \u0161t\u00e1tnicov\u00fd predmet ZPBT_bc<\/a><br><a href=\"https:\/\/omv.uzz.fberg.tuke.sk\/wp-content\/uploads\/2025\/01\/Otazky_ZPBT_ing.pdf\" target=\"_blank\" rel=\"noreferrer noopener\">Integrovan\u00fd \u0161t\u00e1tnicov\u00fd predmet ZPBT_ing<\/a><\/p>\n\n\n\n<p><\/p>\n","protected":false},"excerpt":{"rendered":"<p>Oddelenie mont\u00e1nnych viedIntegrovan\u00fd \u0161t\u00e1tnicov\u00fd predmet ZPBT_bcIntegrovan\u00fd \u0161t\u00e1tnicov\u00fd predmet ZPBT_ing<\/p>\n","protected":false},"author":1,"featured_media":0,"parent":12,"menu_order":0,"comment_status":"closed","ping_status":"closed","template":"","meta":{"footnotes":""},"class_list":["post-459","page","type-page","status-publish","hentry"],"_links":{"self":[{"href":"https:\/\/omv.uzz.fberg.tuke.sk\/index.php\/wp-json\/wp\/v2\/pages\/459","targetHints":{"allow":["GET"]}}],"collection":[{"href":"https:\/\/omv.uzz.fberg.tuke.sk\/index.php\/wp-json\/wp\/v2\/pages"}],"about":[{"href":"https:\/\/omv.uzz.fberg.tuke.sk\/index.php\/wp-json\/wp\/v2\/types\/page"}],"author":[{"embeddable":true,"href":"https:\/\/omv.uzz.fberg.tuke.sk\/index.php\/wp-json\/wp\/v2\/users\/1"}],"replies":[{"embeddable":true,"href":"https:\/\/omv.uzz.fberg.tuke.sk\/index.php\/wp-json\/wp\/v2\/comments?post=459"}],"version-history":[{"count":12,"href":"https:\/\/omv.uzz.fberg.tuke.sk\/index.php\/wp-json\/wp\/v2\/pages\/459\/revisions"}],"predecessor-version":[{"id":508,"href":"https:\/\/omv.uzz.fberg.tuke.sk\/index.php\/wp-json\/wp\/v2\/pages\/459\/revisions\/508"}],"up":[{"embeddable":true,"href":"https:\/\/omv.uzz.fberg.tuke.sk\/index.php\/wp-json\/wp\/v2\/pages\/12"}],"wp:attachment":[{"href":"https:\/\/omv.uzz.fberg.tuke.sk\/index.php\/wp-json\/wp\/v2\/media?parent=459"}],"curies":[{"name":"wp","href":"https:\/\/api.w.org\/{rel}","templated":true}]}}