{"id":50,"date":"2023-04-27T09:38:16","date_gmt":"2023-04-27T09:38:16","guid":{"rendered":"https:\/\/oss.uzz.fberg.tuke.sk\/?page_id=50"},"modified":"2023-07-12T06:06:46","modified_gmt":"2023-07-12T06:06:46","slug":"doktorandske-studium","status":"publish","type":"page","link":"https:\/\/omv.uzz.fberg.tuke.sk\/index.php\/vzdelavanie\/doktorandske-studium\/","title":{"rendered":"Doktorandsk\u00fd stupe\u0148 \u0161t\u00fadia (PhD.):"},"content":{"rendered":"\n<p>\u0160tudijn\u00fd program: <strong>\u0164a\u017eba nerastov a in\u017einierske geotechnol\u00f3gie<\/strong>.<\/p>\n\n\n\n<p><strong>Profil absolventa<\/strong> <\/p>\n\n\n\n<p>\u0160tudijn\u00fd program \u0164a\u017eba nerastov a in\u017einierske geotechnol\u00f3gie poskytne absolventom \u0161ir\u0161\u00ed odborn\u00fd profil, s komplexn\u00fdmi kvalitn\u00fdmi znalos\u0165ami z oblast\u00ed bansk\u00fdch procesov a bansk\u00fdch syst\u00e9mov, technick\u00fdch syst\u00e9mov a technologick\u00fdch procesov pri v\u00fdstavbe a prev\u00e1dzkovan\u00ed tunelov, ale tie\u017e pr\u00edrodn\u00fdch dynamick\u00fdch procesov, ktor\u00e9 s\u00favisia s technick\u00fdmi probl\u00e9mami. Absolventi poznaj\u00fa a vedia pou\u017e\u00edva\u0165 vedecko-v\u00fdskumn\u00e9 met\u00f3dy, ktor\u00fdmi je mo\u017en\u00e9 pop\u00edsa\u0165 horninov\u00fd mas\u00edv, geotechnick\u00fa stability podzemn\u00e9ho priestoru, ale aj priebeh technologick\u00fdch procesov a syst\u00e9mov pri \u0165a\u017ebe a z\u00edskavan\u00ed surov\u00edn a tie\u017e environment\u00e1lnych procesov resp. ich ovplyvnenie \u0165a\u017ebou. V doktorandskom programe \u0161t\u00fadia s\u00fa absolventi v individu\u00e1lnej forme \u0161t\u00fadia profilovan\u00ed pre vedecko-v\u00fdskumn\u00fa pr\u00e1cu od aplikovate\u013en\u00fdch v oblasti technick\u00e9ho a in\u017einierskeho vyu\u017e\u00edvania podzemia. Absolvent doktorandsk\u00e9ho \u0161t\u00fadia ovl\u00e1da met\u00f3dy a metodick\u00e9 postupy pou\u017e\u00edvan\u00e9 pri teoretickom a aplikovanom v\u00fdskume v oblasti v\u00fdskumu interakt\u00edvnych v\u00e4zieb v horninovom prostred\u00ed. Predov\u0161etk\u00fdm sa jedn\u00e1 o sk\u00famanie interakci\u00ed \u201en\u00e1stroj rozpojovania &#8211; hornina\u201c, \u201ehornina \u2013 v\u00fdstu\u017en\u00fd technick\u00fd prvok\u201c, \u201ehornina \u2013 rozpojen\u00fd technologick\u00fd materi\u00e1l\u201c, \u201evo\u013en\u00fd horninov\u00fd priestor \u2013 v\u00fdpl\u0148ov\u00fd materi\u00e1l\u201c a \u201ehornina \u2013 otvoren\u00fd priestor\u201c. Pozorovanie, technick\u00e1 anal\u00fdza a hodnotenie technologick\u00fdch procesov pri t\u00fdchto interakci\u00e1ch je hlavn\u00fdm predmetom sk\u00famania a vedeck\u00e9ho b\u00e1dania absolventa. Prierezov\u00fd charakter \u0165a\u017eby nerastov a in\u017einierskych geotechnol\u00f3gi\u00ed nevylu\u010duje uplatnenie absolventov aj v in\u00fdch odvetviach priemyslu.<\/p>\n\n\n\n<p><strong>Uplatnenie absolventa<\/strong> <\/p>\n\n\n\n<p>Absolvent doktorandsk\u00e9ho \u0161t\u00fadia \u2013 Philosophie doctor ban\u00edctva ovl\u00e1da vedeck\u00e9 met\u00f3dy b\u00e1dania a sk\u00famania javov, pozn\u00e1 laborat\u00f3rne techniky v\u00fdskumnej pr\u00e1ce, z\u00e1rove\u0148 dok\u00e1\u017ee formulova\u0165 a definova\u0165 probl\u00e9my s\u00favisiace s detailn\u00fdm sk\u00faman\u00edm bansk\u00fdch procesov a bansk\u00fdch syst\u00e9mov, technick\u00fdch syst\u00e9mov a technologick\u00fdch procesov pri v\u00fdstavbe a prev\u00e1dzkovan\u00ed tunelov, ale tie\u017e pr\u00edrodn\u00fdch dynamick\u00fdch procesov, ktor\u00e9 s\u00favisia s technick\u00fdmi probl\u00e9mami. Pozn\u00e1 a vie pou\u017e\u00edva\u0165 vedecko-v\u00fdskumn\u00e9 met\u00f3dy, ktor\u00fdmi je mo\u017en\u00e9 pop\u00edsa\u0165 horninov\u00fd mas\u00edv, geotechnick\u00fa stability podzemn\u00e9ho priestoru, ale aj priebeh technologick\u00fdch procesov a syst\u00e9mov pri \u0165a\u017ebe a z\u00edskavan\u00ed surov\u00edn a tie\u017e environment\u00e1lnych procesov resp. ich ovplyvnenie \u0165a\u017ebou. V doktorandskom programe \u0161t\u00fadia s\u00fa absolventi v individu\u00e1lnej forme \u0161t\u00fadia profilovan\u00ed pre vedecko-v\u00fdskumn\u00fa pr\u00e1cu od aplikovate\u013en\u00fdch v oblasti technick\u00e9ho a in\u017einierskeho vyu\u017e\u00edvania podzemia. Doktorandi maj\u00fa v r\u00e1mci \u0161tudijn\u00e9ho programu vynikaj\u00facu mo\u017enos\u0165 individu\u00e1lneho teoretick\u00e9ho sk\u00famania a praktick\u00e9ho overenia navrhnut\u00fdch postupov rie\u0161enia resp. metod\u00edk, a to hlavne pri b\u00e1dan\u00ed \u0161pecifick\u00fdch interakt\u00edvnych v\u00e4zieb v oblasti rie\u0161enia stabilitn\u00fdch probl\u00e9mov, v oblasti rozpojovania horn\u00edn, ako aj v oblasti te\u00f3rie v\u00fdbu\u0161n\u00edn a ich pou\u017eitia pri \u0165a\u017ebe surov\u00edn a budovan\u00ed tunelov. Absolvent doktorandsk\u00e9ho \u0161t\u00fadia ovl\u00e1da met\u00f3dy a metodick\u00e9 postupy pou\u017e\u00edvan\u00e9 pri teoretickom a aplikovanom v\u00fdskume v oblasti v\u00fdskumu interakt\u00edvnych v\u00e4zieb v horninovom prostred\u00ed. Predov\u0161etk\u00fdm sa jedn\u00e1 o sk\u00famanie interakci\u00ed \u201en\u00e1stroj rozpojovania &#8211; hornina\u201c, \u201ehornina \u2013 v\u00fdstu\u017en\u00fd technick\u00fd prvok\u201c, \u201ehornina \u2013 rozpojen\u00fd technologick\u00fd materi\u00e1l\u201c, \u201evo\u013en\u00fd horninov\u00fd priestor \u2013 v\u00fdpl\u0148ov\u00fd materi\u00e1l\u201c a \u201ehornina \u2013 otvoren\u00fd priestor\u201c. Pozorovanie, technick\u00e1 anal\u00fdza a hodnotenie technologick\u00fdch procesov pri t\u00fdchto interakci\u00e1ch je hlavn\u00fdm predmetom sk\u00famania a vedeck\u00e9ho b\u00e1dania absolventa.<\/p>\n","protected":false},"excerpt":{"rendered":"<p>\u0160tudijn\u00fd program: \u0164a\u017eba nerastov a in\u017einierske geotechnol\u00f3gie. Profil absolventa \u0160tudijn\u00fd program \u0164a\u017eba nerastov a in\u017einierske geotechnol\u00f3gie poskytne absolventom \u0161ir\u0161\u00ed odborn\u00fd profil, s komplexn\u00fdmi kvalitn\u00fdmi znalos\u0165ami z oblast\u00ed bansk\u00fdch procesov a bansk\u00fdch syst\u00e9mov, technick\u00fdch syst\u00e9mov a technologick\u00fdch procesov pri v\u00fdstavbe a&hellip; <\/p>\n","protected":false},"author":1,"featured_media":0,"parent":12,"menu_order":0,"comment_status":"closed","ping_status":"closed","template":"","meta":{"footnotes":""},"class_list":["post-50","page","type-page","status-publish","hentry"],"_links":{"self":[{"href":"https:\/\/omv.uzz.fberg.tuke.sk\/index.php\/wp-json\/wp\/v2\/pages\/50","targetHints":{"allow":["GET"]}}],"collection":[{"href":"https:\/\/omv.uzz.fberg.tuke.sk\/index.php\/wp-json\/wp\/v2\/pages"}],"about":[{"href":"https:\/\/omv.uzz.fberg.tuke.sk\/index.php\/wp-json\/wp\/v2\/types\/page"}],"author":[{"embeddable":true,"href":"https:\/\/omv.uzz.fberg.tuke.sk\/index.php\/wp-json\/wp\/v2\/users\/1"}],"replies":[{"embeddable":true,"href":"https:\/\/omv.uzz.fberg.tuke.sk\/index.php\/wp-json\/wp\/v2\/comments?post=50"}],"version-history":[{"count":6,"href":"https:\/\/omv.uzz.fberg.tuke.sk\/index.php\/wp-json\/wp\/v2\/pages\/50\/revisions"}],"predecessor-version":[{"id":171,"href":"https:\/\/omv.uzz.fberg.tuke.sk\/index.php\/wp-json\/wp\/v2\/pages\/50\/revisions\/171"}],"up":[{"embeddable":true,"href":"https:\/\/omv.uzz.fberg.tuke.sk\/index.php\/wp-json\/wp\/v2\/pages\/12"}],"wp:attachment":[{"href":"https:\/\/omv.uzz.fberg.tuke.sk\/index.php\/wp-json\/wp\/v2\/media?parent=50"}],"curies":[{"name":"wp","href":"https:\/\/api.w.org\/{rel}","templated":true}]}}